{"id":4355,"date":"2021-11-05T13:01:40","date_gmt":"2021-11-05T13:01:40","guid":{"rendered":"https:\/\/www.msgroupitaly.com\/?page_id=4355"},"modified":"2022-09-21T13:57:28","modified_gmt":"2022-09-21T13:57:28","slug":"model-crm","status":"publish","type":"page","link":"https:\/\/www.msgroupitaly.com\/en\/model-crm","title":{"rendered":"Model CRM"},"content":{"rendered":"<div data-elementor-type=\"wp-page\" data-elementor-id=\"4355\" class=\"elementor elementor-4355\">\n\t\t\t\t\t\t<section class=\"elementor-section elementor-top-section elementor-element elementor-element-775b9295 elementor-section-height-min-height elementor-section-full_width elementor-section-stretched elementor-section-height-default elementor-section-items-middle\" data-id=\"775b9295\" data-element_type=\"section\" data-e-type=\"section\" data-settings=\"{&quot;background_background&quot;:&quot;gradient&quot;,&quot;stretch_section&quot;:&quot;section-stretched&quot;}\">\n\t\t\t\t\t\t\t<div class=\"elementor-background-overlay\"><\/div>\n\t\t\t\t\t\t\t<div class=\"elementor-container elementor-column-gap-no\">\n\t\t\t\t\t<div class=\"elementor-column elementor-col-100 elementor-top-column elementor-element elementor-element-7ef25f7c\" data-id=\"7ef25f7c\" data-element_type=\"column\" data-e-type=\"column\">\n\t\t\t<div class=\"elementor-widget-wrap elementor-element-populated\">\n\t\t\t\t\t\t<div class=\"elementor-element elementor-element-6a738edb elementor-widget elementor-widget-heading\" data-id=\"6a738edb\" data-element_type=\"widget\" data-e-type=\"widget\" data-widget_type=\"heading.default\">\n\t\t\t\t<div class=\"elementor-widget-container\">\n\t\t\t\t\t<h2 class=\"elementor-heading-title elementor-size-default\">Model CRM<\/h2>\t\t\t\t<\/div>\n\t\t\t\t<\/div>\n\t\t\t\t\t<\/div>\n\t\t<\/div>\n\t\t\t\t\t<\/div>\n\t\t<\/section>\n\t\t\t\t<section class=\"elementor-section elementor-top-section elementor-element elementor-element-47f5f68 elementor-section-full_width elementor-section-stretched elementor-section-height-default elementor-section-height-default\" data-id=\"47f5f68\" data-element_type=\"section\" data-e-type=\"section\" data-settings=\"{&quot;stretch_section&quot;:&quot;section-stretched&quot;,&quot;background_background&quot;:&quot;classic&quot;}\">\n\t\t\t\t\t\t<div class=\"elementor-container elementor-column-gap-default\">\n\t\t\t\t\t<div class=\"elementor-column elementor-col-100 elementor-top-column elementor-element elementor-element-9a24936\" data-id=\"9a24936\" data-element_type=\"column\" data-e-type=\"column\">\n\t\t\t<div class=\"elementor-widget-wrap elementor-element-populated\">\n\t\t\t\t\t\t<section class=\"elementor-section elementor-inner-section elementor-element elementor-element-7e6282b elementor-section-boxed elementor-section-height-default elementor-section-height-default\" data-id=\"7e6282b\" data-element_type=\"section\" data-e-type=\"section\">\n\t\t\t\t\t\t<div class=\"elementor-container elementor-column-gap-default\">\n\t\t\t\t\t<div class=\"elementor-column elementor-col-50 elementor-inner-column elementor-element elementor-element-18abd5e\" data-id=\"18abd5e\" data-element_type=\"column\" data-e-type=\"column\" data-settings=\"{&quot;background_background&quot;:&quot;classic&quot;}\">\n\t\t\t<div class=\"elementor-widget-wrap elementor-element-populated\">\n\t\t\t\t\t\t<div class=\"elementor-element elementor-element-005ac0b elementor-widget elementor-widget-image\" data-id=\"005ac0b\" data-element_type=\"widget\" data-e-type=\"widget\" data-widget_type=\"image.default\">\n\t\t\t\t<div class=\"elementor-widget-container\">\n\t\t\t\t\t\t\t\t\t\t\t\t\t\t\t<img fetchpriority=\"high\" decoding=\"async\" width=\"800\" height=\"999\" src=\"https:\/\/www.msgroupitaly.com\/wp-content\/uploads\/2021\/11\/rolling1b1.jpg\" class=\"attachment-large size-large wp-image-5153\" alt=\"\" srcset=\"https:\/\/www.msgroupitaly.com\/wp-content\/uploads\/2021\/11\/rolling1b1.jpg 800w, https:\/\/www.msgroupitaly.com\/wp-content\/uploads\/2021\/11\/rolling1b1-240x300.jpg 240w, https:\/\/www.msgroupitaly.com\/wp-content\/uploads\/2021\/11\/rolling1b1-768x959.jpg 768w, https:\/\/www.msgroupitaly.com\/wp-content\/uploads\/2021\/11\/rolling1b1-10x12.jpg 10w\" sizes=\"(max-width: 800px) 100vw, 800px\" \/>\t\t\t\t\t\t\t\t\t\t\t\t\t\t\t<\/div>\n\t\t\t\t<\/div>\n\t\t\t\t\t<\/div>\n\t\t<\/div>\n\t\t\t\t<div class=\"elementor-column elementor-col-50 elementor-inner-column elementor-element elementor-element-f349f78\" data-id=\"f349f78\" data-element_type=\"column\" data-e-type=\"column\" data-settings=\"{&quot;background_background&quot;:&quot;classic&quot;}\">\n\t\t\t<div class=\"elementor-widget-wrap elementor-element-populated\">\n\t\t\t\t\t\t<div class=\"elementor-element elementor-element-8fcf124 elementor-widget elementor-widget-spacer\" data-id=\"8fcf124\" data-element_type=\"widget\" data-e-type=\"widget\" data-widget_type=\"spacer.default\">\n\t\t\t\t<div class=\"elementor-widget-container\">\n\t\t\t\t\t\t\t<div class=\"elementor-spacer\">\n\t\t\t<div class=\"elementor-spacer-inner\"><\/div>\n\t\t<\/div>\n\t\t\t\t\t\t<\/div>\n\t\t\t\t<\/div>\n\t\t\t\t<div class=\"elementor-element elementor-element-de00d8c elementor-widget elementor-widget-heading\" data-id=\"de00d8c\" data-element_type=\"widget\" data-e-type=\"widget\" data-widget_type=\"heading.default\">\n\t\t\t\t<div class=\"elementor-widget-container\">\n\t\t\t\t\t<h2 class=\"elementor-heading-title elementor-size-default\">Carpet rolling machine<\/h2>\t\t\t\t<\/div>\n\t\t\t\t<\/div>\n\t\t\t\t<div class=\"elementor-element elementor-element-7159130 elementor-widget-divider--view-line elementor-widget elementor-widget-divider\" data-id=\"7159130\" data-element_type=\"widget\" data-e-type=\"widget\" data-widget_type=\"divider.default\">\n\t\t\t\t<div class=\"elementor-widget-container\">\n\t\t\t\t\t\t\t<div class=\"elementor-divider\">\n\t\t\t<span class=\"elementor-divider-separator\">\n\t\t\t\t\t\t<\/span>\n\t\t<\/div>\n\t\t\t\t\t\t<\/div>\n\t\t\t\t<\/div>\n\t\t\t\t<div class=\"elementor-element elementor-element-f23ab83 elementor-widget elementor-widget-text-editor\" data-id=\"f23ab83\" data-element_type=\"widget\" data-e-type=\"widget\" data-widget_type=\"text-editor.default\">\n\t\t\t\t<div class=\"elementor-widget-container\">\n\t\t\t\t\t\t\t\t\t<p>La <a href=\"https:\/\/www.msgroupitaly.com\/en\/lava-tapeti\/\">macchina per l&#8217;imballaggio di tappeti<\/a> e moquette \u00e8 progettata per soddisfare tutte le necessit\u00e0 delle aziende di pulizia di tappeti di piccole o grandi aree. Il design compatto e la facilit\u00e0 d&#8217;uso delle macchine sono lo strumento ideale per arrotolare i tappeti per qualsiasi azienda di pulizia di tappeti di piccole e grandi aree. Pu\u00f2 essere azionato da una sola persona, raggiungendo la massima produzione giornaliera delle macchine.<\/p><p>The CRM wrapping machine and wrapping machine is ideal for quilted and fabric rugs. The machine can roll up to 240 carpets per hour and fix them with full bands or winding. Carpets can be rolled up both inside and out, with or without tube. The machine can be operated by a single operator.<\/p><ul><li>Conveyor belt table<\/li><li>Electric \/ electronic panel<\/li><\/ul>\t\t\t\t\t\t\t\t<\/div>\n\t\t\t\t<\/div>\n\t\t\t\t\t<\/div>\n\t\t<\/div>\n\t\t\t\t\t<\/div>\n\t\t<\/section>\n\t\t\t\t\t<\/div>\n\t\t<\/div>\n\t\t\t\t\t<\/div>\n\t\t<\/section>\n\t\t\t\t<section class=\"elementor-section elementor-top-section elementor-element elementor-element-1c5283ff elementor-section-boxed elementor-section-height-default elementor-section-height-default\" data-id=\"1c5283ff\" data-element_type=\"section\" data-e-type=\"section\">\n\t\t\t\t\t\t<div class=\"elementor-container elementor-column-gap-default\">\n\t\t\t\t\t<div class=\"elementor-column elementor-col-100 elementor-top-column elementor-element elementor-element-2454210d\" data-id=\"2454210d\" data-element_type=\"column\" data-e-type=\"column\">\n\t\t\t<div class=\"elementor-widget-wrap elementor-element-populated\">\n\t\t\t\t\t\t<div class=\"elementor-element elementor-element-60155e01 elementor-widget elementor-widget-spacer\" data-id=\"60155e01\" data-element_type=\"widget\" data-e-type=\"widget\" data-widget_type=\"spacer.default\">\n\t\t\t\t<div class=\"elementor-widget-container\">\n\t\t\t\t\t\t\t<div class=\"elementor-spacer\">\n\t\t\t<div class=\"elementor-spacer-inner\"><\/div>\n\t\t<\/div>\n\t\t\t\t\t\t<\/div>\n\t\t\t\t<\/div>\n\t\t\t\t<div class=\"elementor-element elementor-element-19774f25 elementor-widget elementor-widget-text-editor\" data-id=\"19774f25\" data-element_type=\"widget\" data-e-type=\"widget\" data-widget_type=\"text-editor.default\">\n\t\t\t\t<div class=\"elementor-widget-container\">\n\t\t\t\t\t\t\t\t\t<div><h2><span style=\"color: #003366;\"><strong>Features:<\/strong><\/span><\/h2><ul><li>Managed by a person<\/li><li>Product using steel<\/li><li>Electrostatically varnished frame (powder coated)<\/li><li>Three-phase power supply 380-415V \/ 50Hz<\/li><li>Ribbon roller type: corner feeder with straps grabbing and roll up the rug<\/li><li>Roll with a very small nucleus or around a cardboard tube<\/li><li>Compact, often self-supporting machine next to the line, very suitable for small and medium-sized rugs but also for PVC and rubber doormats<\/li><li>It can be equipped with automatic heads for extensible film to close the roll immediately<\/li><li>Entrance from the front and output from the rear of the machine<\/li><\/ul><\/div>\t\t\t\t\t\t\t\t<\/div>\n\t\t\t\t<\/div>\n\t\t\t\t\t<\/div>\n\t\t<\/div>\n\t\t\t\t\t<\/div>\n\t\t<\/section>\n\t\t\t\t<section class=\"elementor-section elementor-top-section elementor-element elementor-element-4a4f4ef elementor-section-boxed elementor-section-height-default elementor-section-height-default\" data-id=\"4a4f4ef\" data-element_type=\"section\" data-e-type=\"section\">\n\t\t\t\t\t\t<div class=\"elementor-container elementor-column-gap-no\">\n\t\t\t\t\t<div class=\"elementor-column elementor-col-100 elementor-top-column elementor-element elementor-element-8e9bdc9\" data-id=\"8e9bdc9\" data-element_type=\"column\" data-e-type=\"column\">\n\t\t\t<div class=\"elementor-widget-wrap elementor-element-populated\">\n\t\t\t\t\t\t<div class=\"elementor-element elementor-element-ca514cd elementor-widget elementor-widget-spacer\" data-id=\"ca514cd\" data-element_type=\"widget\" data-e-type=\"widget\" data-widget_type=\"spacer.default\">\n\t\t\t\t<div class=\"elementor-widget-container\">\n\t\t\t\t\t\t\t<div class=\"elementor-spacer\">\n\t\t\t<div class=\"elementor-spacer-inner\"><\/div>\n\t\t<\/div>\n\t\t\t\t\t\t<\/div>\n\t\t\t\t<\/div>\n\t\t\t\t<div class=\"elementor-element elementor-element-9811646 elementor-widget elementor-widget-eael-advanced-data-table\" data-id=\"9811646\" data-element_type=\"widget\" data-e-type=\"widget\" data-widget_type=\"eael-advanced-data-table.default\">\n\t\t\t\t<div class=\"elementor-widget-container\">\n\t\t\t\t\t<div class=\"ea-advanced-data-table-wrap\" data-id=\"9811646\"><div class=\"ea-advanced-data-table-wrap-inner\">\n                <table class=\"ea-advanced-data-table ea-advanced-data-table-static ea-advanced-data-table-9811646\" data-id=\"9811646\"><thead><tr><th style=\"width: 183px\"><p>MODELLO CRM 2.7, CRM 3.2, CRM 4.2<\/p><\/th><th style=\"width: 103px\"><p><br><\/p><\/th><th style=\"width: 100px\"><p>CRM 2.7<\/p><\/th><th style=\"width: 40px\"><p>CRM 3.2<\/p><\/th><th style=\"width: 69px\"><p>CRM 4.2<\/p><\/th><\/tr><\/thead><tbody><tr><td><p>Maximum working depth<\/p><\/td><td><p>m<\/p><\/td><td><p>2.6<\/p><\/td><td><p>3.1<\/p><\/td><td><p>4.1<\/p><\/td><\/tr><tr><td><p>Regulated carpet speed<\/p><\/td><td><p>m\/min<\/p><\/td><td><p>0.25-20<\/p><\/td><td><p>0.25-20<\/p><\/td><td><p>0.25-20<\/p><\/td><\/tr><tr><td><p>Flow of air<\/p><\/td><td><p>m<sup>3<\/sup>\/min<\/p><\/td><td><p>30<\/p><\/td><td><p>30<\/p><\/td><td><p>30<\/p><\/td><\/tr><tr><td><p>Power supply<\/p><\/td><td><p>KW<\/p><\/td><td><p>1.5<\/p><\/td><td><p>1.5<\/p><\/td><td><p>1.5<\/p><\/td><\/tr><tr><td><p>Voltage<\/p><\/td><td><p>V<\/p><\/td><td><p>230-400<\/p><\/td><td><p>230-400<\/p><\/td><td><p>230-400<\/p><\/td><\/tr><tr><td><p>Dimensions (LxWxH)<\/p><\/td><td><p>m<\/p><\/td><td><p>3.1x1.2x1.5<\/p><\/td><td><p>3.5x1.2x1.5<\/p><\/td><td><p>4.5x1.2x1.5<\/p><\/td><\/tr><tr><td><p>Weight<\/p><\/td><td><p>Kg<\/p><\/td><td><p>400<\/p><\/td><td><p>480<\/p><\/td><td><p>580<\/p><\/td><\/tr><\/tbody><\/table>\n            <\/div><\/div>\t\t\t\t<\/div>\n\t\t\t\t<\/div>\n\t\t\t\t\t<\/div>\n\t\t<\/div>\n\t\t\t\t\t<\/div>\n\t\t<\/section>\n\t\t\t\t<\/div>","protected":false},"excerpt":{"rendered":"<p>Modello CRM Machina arrotola tappeti La macchina per l&#8217;imballaggio di tappeti e moquette \u00e8 progettata per soddisfare tutte le necessit\u00e0 delle aziende di pulizia di tappeti di piccole o grandi aree. Il design compatto e la facilit\u00e0 d&#8217;uso delle macchine sono lo strumento ideale per arrotolare i tappeti per qualsiasi azienda di pulizia di tappeti [&hellip;]<\/p>\n","protected":false},"author":1,"featured_media":0,"parent":0,"menu_order":0,"comment_status":"closed","ping_status":"closed","template":"","meta":{"ocean_post_layout":"","ocean_both_sidebars_style":"","ocean_both_sidebars_content_width":0,"ocean_both_sidebars_sidebars_width":0,"ocean_sidebar":"0","ocean_second_sidebar":"0","ocean_disable_margins":"enable","ocean_add_body_class":"","ocean_shortcode_before_top_bar":"","ocean_shortcode_after_top_bar":"","ocean_shortcode_before_header":"","ocean_shortcode_after_header":"","ocean_has_shortcode":"","ocean_shortcode_after_title":"","ocean_shortcode_before_footer_widgets":"","ocean_shortcode_after_footer_widgets":"","ocean_shortcode_before_footer_bottom":"","ocean_shortcode_after_footer_bottom":"","ocean_display_top_bar":"default","ocean_display_header":"default","ocean_header_style":"","ocean_center_header_left_menu":"0","ocean_custom_header_template":"0","ocean_custom_logo":0,"ocean_custom_retina_logo":0,"ocean_custom_logo_max_width":0,"ocean_custom_logo_tablet_max_width":0,"ocean_custom_logo_mobile_max_width":0,"ocean_custom_logo_max_height":0,"ocean_custom_logo_tablet_max_height":0,"ocean_custom_logo_mobile_max_height":0,"ocean_header_custom_menu":"0","ocean_menu_typo_font_family":"0","ocean_menu_typo_font_subset":"","ocean_menu_typo_font_size":0,"ocean_menu_typo_font_size_tablet":0,"ocean_menu_typo_font_size_mobile":0,"ocean_menu_typo_font_size_unit":"px","ocean_menu_typo_font_weight":"","ocean_menu_typo_font_weight_tablet":"","ocean_menu_typo_font_weight_mobile":"","ocean_menu_typo_transform":"","ocean_menu_typo_transform_tablet":"","ocean_menu_typo_transform_mobile":"","ocean_menu_typo_line_height":0,"ocean_menu_typo_line_height_tablet":0,"ocean_menu_typo_line_height_mobile":0,"ocean_menu_typo_line_height_unit":"","ocean_menu_typo_spacing":0,"ocean_menu_typo_spacing_tablet":0,"ocean_menu_typo_spacing_mobile":0,"ocean_menu_typo_spacing_unit":"","ocean_menu_link_color":"","ocean_menu_link_color_hover":"","ocean_menu_link_color_active":"","ocean_menu_link_background":"","ocean_menu_link_hover_background":"","ocean_menu_link_active_background":"","ocean_menu_social_links_bg":"","ocean_menu_social_hover_links_bg":"","ocean_menu_social_links_color":"","ocean_menu_social_hover_links_color":"","ocean_disable_title":"default","ocean_disable_heading":"default","ocean_post_title":"","ocean_post_subheading":"","ocean_post_title_style":"","ocean_post_title_background_color":"","ocean_post_title_background":0,"ocean_post_title_bg_image_position":"","ocean_post_title_bg_image_attachment":"","ocean_post_title_bg_image_repeat":"","ocean_post_title_bg_image_size":"","ocean_post_title_height":0,"ocean_post_title_bg_overlay":0.5,"ocean_post_title_bg_overlay_color":"","ocean_disable_breadcrumbs":"default","ocean_breadcrumbs_color":"","ocean_breadcrumbs_separator_color":"","ocean_breadcrumbs_links_color":"","ocean_breadcrumbs_links_hover_color":"","ocean_display_footer_widgets":"default","ocean_display_footer_bottom":"default","ocean_custom_footer_template":"0","osh_disable_topbar_sticky":"default","osh_disable_header_sticky":"default","osh_sticky_header_style":"default","osh_sticky_header_effect":"","osh_custom_sticky_logo":0,"osh_custom_retina_sticky_logo":0,"osh_custom_sticky_logo_height":0,"osh_background_color":"","osh_links_color":"","osh_links_hover_color":"","osh_links_active_color":"","osh_links_bg_color":"","osh_links_hover_bg_color":"","osh_links_active_bg_color":"","osh_menu_social_links_color":"","osh_menu_social_hover_links_color":"","footnotes":""},"class_list":["post-4355","page","type-page","status-publish","hentry","entry"],"yoast_head":"<!-- This site is optimized with the Yoast SEO plugin v27.5 - https:\/\/yoast.com\/product\/yoast-seo-wordpress\/ -->\n<title>Macchina per l&#039;imballaggio di tappeti CRM - MS GROUP<\/title>\n<meta name=\"description\" content=\"La macchina per l&#039;imballaggio di tappeti \u00e8 progettata per soddisfare le necessit\u00e0 delle aziende di pulizia di tappeti.\" \/>\n<meta name=\"robots\" content=\"index, follow, max-snippet:-1, max-image-preview:large, max-video-preview:-1\" \/>\n<link rel=\"canonical\" href=\"https:\/\/www.msgroupitaly.com\/en\/model-crm\/\" \/>\n<meta property=\"og:locale\" content=\"en_GB\" \/>\n<meta property=\"og:type\" content=\"article\" \/>\n<meta property=\"og:title\" content=\"Macchina per l&#039;imballaggio di tappeti\" \/>\n<meta property=\"og:description\" content=\"La macchina per l&#039;imballaggio di tappeti \u00e8 progettata per soddisfare le necessit\u00e0 delle aziende di pulizia di tappeti.\" \/>\n<meta property=\"og:url\" content=\"https:\/\/www.msgroupitaly.com\/en\/model-crm\/\" \/>\n<meta property=\"og:site_name\" content=\"MS GROUP\" \/>\n<meta property=\"article:modified_time\" content=\"2022-09-21T13:57:28+00:00\" \/>\n<meta property=\"og:image\" content=\"https:\/\/www.msgroupitaly.com\/wp-content\/uploads\/2021\/11\/rolling1b2.jpg\" \/>\n\t<meta property=\"og:image:width\" content=\"800\" \/>\n\t<meta property=\"og:image:height\" content=\"999\" \/>\n\t<meta property=\"og:image:type\" content=\"image\/jpeg\" \/>\n<meta name=\"twitter:card\" content=\"summary_large_image\" \/>\n<meta name=\"twitter:label1\" content=\"Estimated reading time\" \/>\n\t<meta name=\"twitter:data1\" content=\"2 minutes\" \/>\n<script type=\"application\/ld+json\" class=\"yoast-schema-graph\">{\"@context\":\"https:\\\/\\\/schema.org\",\"@graph\":[{\"@type\":\"WebPage\",\"@id\":\"https:\\\/\\\/www.msgroupitaly.com\\\/model-crm\",\"url\":\"https:\\\/\\\/www.msgroupitaly.com\\\/model-crm\",\"name\":\"Macchina per l'imballaggio di tappeti CRM - MS GROUP\",\"isPartOf\":{\"@id\":\"https:\\\/\\\/www.msgroupitaly.com\\\/#website\"},\"primaryImageOfPage\":{\"@id\":\"https:\\\/\\\/www.msgroupitaly.com\\\/model-crm#primaryimage\"},\"image\":{\"@id\":\"https:\\\/\\\/www.msgroupitaly.com\\\/model-crm#primaryimage\"},\"thumbnailUrl\":\"https:\\\/\\\/www.msgroupitaly.com\\\/wp-content\\\/uploads\\\/2021\\\/11\\\/rolling1b1.jpg\",\"datePublished\":\"2021-11-05T13:01:40+00:00\",\"dateModified\":\"2022-09-21T13:57:28+00:00\",\"description\":\"La macchina per l'imballaggio di tappeti \u00e8 progettata per soddisfare le necessit\u00e0 delle aziende di pulizia di tappeti.\",\"breadcrumb\":{\"@id\":\"https:\\\/\\\/www.msgroupitaly.com\\\/model-crm#breadcrumb\"},\"inLanguage\":\"en-GB\",\"potentialAction\":[{\"@type\":\"ReadAction\",\"target\":[\"https:\\\/\\\/www.msgroupitaly.com\\\/model-crm\"]}]},{\"@type\":\"ImageObject\",\"inLanguage\":\"en-GB\",\"@id\":\"https:\\\/\\\/www.msgroupitaly.com\\\/model-crm#primaryimage\",\"url\":\"https:\\\/\\\/www.msgroupitaly.com\\\/wp-content\\\/uploads\\\/2021\\\/11\\\/rolling1b1.jpg\",\"contentUrl\":\"https:\\\/\\\/www.msgroupitaly.com\\\/wp-content\\\/uploads\\\/2021\\\/11\\\/rolling1b1.jpg\"},{\"@type\":\"BreadcrumbList\",\"@id\":\"https:\\\/\\\/www.msgroupitaly.com\\\/model-crm#breadcrumb\",\"itemListElement\":[{\"@type\":\"ListItem\",\"position\":1,\"name\":\"Home\",\"item\":\"https:\\\/\\\/www.msgroupitaly.com\\\/\"},{\"@type\":\"ListItem\",\"position\":2,\"name\":\"Model CRM\"}]},{\"@type\":\"WebSite\",\"@id\":\"https:\\\/\\\/www.msgroupitaly.com\\\/#website\",\"url\":\"https:\\\/\\\/www.msgroupitaly.com\\\/\",\"name\":\"MS GROUP\",\"description\":\"\",\"publisher\":{\"@id\":\"https:\\\/\\\/www.msgroupitaly.com\\\/#organization\"},\"potentialAction\":[{\"@type\":\"SearchAction\",\"target\":{\"@type\":\"EntryPoint\",\"urlTemplate\":\"https:\\\/\\\/www.msgroupitaly.com\\\/?s={search_term_string}\"},\"query-input\":{\"@type\":\"PropertyValueSpecification\",\"valueRequired\":true,\"valueName\":\"search_term_string\"}}],\"inLanguage\":\"en-GB\"},{\"@type\":\"Organization\",\"@id\":\"https:\\\/\\\/www.msgroupitaly.com\\\/#organization\",\"name\":\"MS Group\",\"url\":\"https:\\\/\\\/www.msgroupitaly.com\\\/\",\"logo\":{\"@type\":\"ImageObject\",\"inLanguage\":\"en-GB\",\"@id\":\"https:\\\/\\\/www.msgroupitaly.com\\\/#\\\/schema\\\/logo\\\/image\\\/\",\"url\":\"https:\\\/\\\/www.msgroupitaly.com\\\/wp-content\\\/uploads\\\/2021\\\/11\\\/LOGO-FINAL-1B.png\",\"contentUrl\":\"https:\\\/\\\/www.msgroupitaly.com\\\/wp-content\\\/uploads\\\/2021\\\/11\\\/LOGO-FINAL-1B.png\",\"width\":724,\"height\":215,\"caption\":\"MS Group\"},\"image\":{\"@id\":\"https:\\\/\\\/www.msgroupitaly.com\\\/#\\\/schema\\\/logo\\\/image\\\/\"}}]}<\/script>\n<!-- \/ Yoast SEO plugin. -->","yoast_head_json":{"title":"Macchina per l'imballaggio di tappeti CRM - MS GROUP","description":"La macchina per l'imballaggio di tappeti \u00e8 progettata per soddisfare le necessit\u00e0 delle aziende di pulizia di tappeti.","robots":{"index":"index","follow":"follow","max-snippet":"max-snippet:-1","max-image-preview":"max-image-preview:large","max-video-preview":"max-video-preview:-1"},"canonical":"https:\/\/www.msgroupitaly.com\/en\/model-crm\/","og_locale":"en_GB","og_type":"article","og_title":"Macchina per l'imballaggio di tappeti","og_description":"La macchina per l'imballaggio di tappeti \u00e8 progettata per soddisfare le necessit\u00e0 delle aziende di pulizia di tappeti.","og_url":"https:\/\/www.msgroupitaly.com\/en\/model-crm\/","og_site_name":"MS GROUP","article_modified_time":"2022-09-21T13:57:28+00:00","og_image":[{"width":800,"height":999,"url":"https:\/\/www.msgroupitaly.com\/wp-content\/uploads\/2021\/11\/rolling1b2.jpg","type":"image\/jpeg"}],"twitter_card":"summary_large_image","twitter_misc":{"Estimated reading time":"2 minutes"},"schema":{"@context":"https:\/\/schema.org","@graph":[{"@type":"WebPage","@id":"https:\/\/www.msgroupitaly.com\/model-crm","url":"https:\/\/www.msgroupitaly.com\/model-crm","name":"Macchina per l'imballaggio di tappeti CRM - MS GROUP","isPartOf":{"@id":"https:\/\/www.msgroupitaly.com\/#website"},"primaryImageOfPage":{"@id":"https:\/\/www.msgroupitaly.com\/model-crm#primaryimage"},"image":{"@id":"https:\/\/www.msgroupitaly.com\/model-crm#primaryimage"},"thumbnailUrl":"https:\/\/www.msgroupitaly.com\/wp-content\/uploads\/2021\/11\/rolling1b1.jpg","datePublished":"2021-11-05T13:01:40+00:00","dateModified":"2022-09-21T13:57:28+00:00","description":"La macchina per l'imballaggio di tappeti \u00e8 progettata per soddisfare le necessit\u00e0 delle aziende di pulizia di tappeti.","breadcrumb":{"@id":"https:\/\/www.msgroupitaly.com\/model-crm#breadcrumb"},"inLanguage":"en-GB","potentialAction":[{"@type":"ReadAction","target":["https:\/\/www.msgroupitaly.com\/model-crm"]}]},{"@type":"ImageObject","inLanguage":"en-GB","@id":"https:\/\/www.msgroupitaly.com\/model-crm#primaryimage","url":"https:\/\/www.msgroupitaly.com\/wp-content\/uploads\/2021\/11\/rolling1b1.jpg","contentUrl":"https:\/\/www.msgroupitaly.com\/wp-content\/uploads\/2021\/11\/rolling1b1.jpg"},{"@type":"BreadcrumbList","@id":"https:\/\/www.msgroupitaly.com\/model-crm#breadcrumb","itemListElement":[{"@type":"ListItem","position":1,"name":"Home","item":"https:\/\/www.msgroupitaly.com\/"},{"@type":"ListItem","position":2,"name":"Model CRM"}]},{"@type":"WebSite","@id":"https:\/\/www.msgroupitaly.com\/#website","url":"https:\/\/www.msgroupitaly.com\/","name":"MS GROUP","description":"","publisher":{"@id":"https:\/\/www.msgroupitaly.com\/#organization"},"potentialAction":[{"@type":"SearchAction","target":{"@type":"EntryPoint","urlTemplate":"https:\/\/www.msgroupitaly.com\/?s={search_term_string}"},"query-input":{"@type":"PropertyValueSpecification","valueRequired":true,"valueName":"search_term_string"}}],"inLanguage":"en-GB"},{"@type":"Organization","@id":"https:\/\/www.msgroupitaly.com\/#organization","name":"MS Group","url":"https:\/\/www.msgroupitaly.com\/","logo":{"@type":"ImageObject","inLanguage":"en-GB","@id":"https:\/\/www.msgroupitaly.com\/#\/schema\/logo\/image\/","url":"https:\/\/www.msgroupitaly.com\/wp-content\/uploads\/2021\/11\/LOGO-FINAL-1B.png","contentUrl":"https:\/\/www.msgroupitaly.com\/wp-content\/uploads\/2021\/11\/LOGO-FINAL-1B.png","width":724,"height":215,"caption":"MS Group"},"image":{"@id":"https:\/\/www.msgroupitaly.com\/#\/schema\/logo\/image\/"}}]}},"_links":{"self":[{"href":"https:\/\/www.msgroupitaly.com\/en\/wp-json\/wp\/v2\/pages\/4355","targetHints":{"allow":["GET"]}}],"collection":[{"href":"https:\/\/www.msgroupitaly.com\/en\/wp-json\/wp\/v2\/pages"}],"about":[{"href":"https:\/\/www.msgroupitaly.com\/en\/wp-json\/wp\/v2\/types\/page"}],"author":[{"embeddable":true,"href":"https:\/\/www.msgroupitaly.com\/en\/wp-json\/wp\/v2\/users\/1"}],"replies":[{"embeddable":true,"href":"https:\/\/www.msgroupitaly.com\/en\/wp-json\/wp\/v2\/comments?post=4355"}],"version-history":[{"count":8,"href":"https:\/\/www.msgroupitaly.com\/en\/wp-json\/wp\/v2\/pages\/4355\/revisions"}],"predecessor-version":[{"id":8779,"href":"https:\/\/www.msgroupitaly.com\/en\/wp-json\/wp\/v2\/pages\/4355\/revisions\/8779"}],"wp:attachment":[{"href":"https:\/\/www.msgroupitaly.com\/en\/wp-json\/wp\/v2\/media?parent=4355"}],"curies":[{"name":"wp","href":"https:\/\/api.w.org\/{rel}","templated":true}]}}