{"id":853,"date":"2021-03-08T11:06:19","date_gmt":"2021-03-08T11:06:19","guid":{"rendered":"https:\/\/www.msgroupitaly.com\/?page_id=853"},"modified":"2023-11-16T07:01:55","modified_gmt":"2023-11-16T07:01:55","slug":"washers","status":"publish","type":"page","link":"https:\/\/www.msgroupitaly.com\/en\/washers","title":{"rendered":"WASHERS"},"content":{"rendered":"<div data-elementor-type=\"wp-page\" data-elementor-id=\"853\" class=\"elementor elementor-853\">\n\t\t\t\t<div class=\"elementor-element elementor-element-0b0f152 e-flex e-con-boxed e-con e-parent\" data-id=\"0b0f152\" data-element_type=\"container\" data-e-type=\"container\">\n\t\t\t\t\t<div class=\"e-con-inner\">\n\t\t<div class=\"elementor-element elementor-element-3db7a59 e-con-full e-flex e-con e-child\" data-id=\"3db7a59\" data-element_type=\"container\" data-e-type=\"container\">\n\t\t\t\t<div class=\"elementor-element elementor-element-9ce0996 elementor-widget elementor-widget-spacer\" data-id=\"9ce0996\" data-element_type=\"widget\" data-e-type=\"widget\" data-widget_type=\"spacer.default\">\n\t\t\t\t<div class=\"elementor-widget-container\">\n\t\t\t\t\t\t\t<div class=\"elementor-spacer\">\n\t\t\t<div class=\"elementor-spacer-inner\"><\/div>\n\t\t<\/div>\n\t\t\t\t\t\t<\/div>\n\t\t\t\t<\/div>\n\t\t\t\t<\/div>\n\t\t\t\t\t<\/div>\n\t\t\t\t<\/div>\n\t\t<div class=\"elementor-element elementor-element-29a88d9 e-flex e-con-boxed e-con e-parent\" data-id=\"29a88d9\" data-element_type=\"container\" data-e-type=\"container\">\n\t\t\t\t\t<div class=\"e-con-inner\">\n\t\t<div class=\"elementor-element elementor-element-6a5019b e-con-full e-flex e-con e-child\" data-id=\"6a5019b\" data-element_type=\"container\" data-e-type=\"container\">\n\t\t\t\t<div class=\"elementor-element elementor-element-849e50c elementor-widget elementor-widget-heading\" data-id=\"849e50c\" data-element_type=\"widget\" data-e-type=\"widget\" data-widget_type=\"heading.default\">\n\t\t\t\t<div class=\"elementor-widget-container\">\n\t\t\t\t\t<h2 class=\"elementor-heading-title elementor-size-default\">washers<\/h2>\t\t\t\t<\/div>\n\t\t\t\t<\/div>\n\t\t\t\t<div class=\"elementor-element elementor-element-44dc61c elementor-widget elementor-widget-heading\" data-id=\"44dc61c\" data-element_type=\"widget\" data-e-type=\"widget\" data-widget_type=\"heading.default\">\n\t\t\t\t<div class=\"elementor-widget-container\">\n\t\t\t\t\t<h2 class=\"elementor-heading-title elementor-size-default translation-block\">For over 30 years, MS GROUP SRL has been building industrial machines with passion and competence for washing, drying and the treatment of linen and tissues. This, combined with the ability to listen and interpret our customers' needs, allows us to carry out highly personalized projects.<\/h2>\t\t\t\t<\/div>\n\t\t\t\t<\/div>\n\t\t\t\t<div class=\"elementor-element elementor-element-a73728c elementor-widget elementor-widget-text-editor\" data-id=\"a73728c\" data-element_type=\"widget\" data-e-type=\"widget\" data-widget_type=\"text-editor.default\">\n\t\t\t\t<div class=\"elementor-widget-container\">\n\t\t\t\t\t\t\t\t\t<p><span class=\"fontstyle0\">Tradizione ed innovazione fanno delle <a href=\"https:\/\/www.msgroupitaly.com\/en\/model-wm\/\" target=\"_blank\" rel=\"noopener\">lavatrici WM<\/a> la perfetta sintesi fra solidit\u00e0 e versatilit\u00e0. Ridotta manutenzione, potenza ai bassi giri, ottima capacit\u00e0 di centrifuga, rendono la <a href=\"https:\/\/www.msgroupitaly.com\/en\/model-wm\/\">serie WM<\/a> ideale per le moderne lavanderie professionali, industriali e selfservice. <\/span><\/p>\t\t\t\t\t\t\t\t<\/div>\n\t\t\t\t<\/div>\n\t\t\t\t<div class=\"elementor-element elementor-element-773fff2 elementor-widget elementor-widget-heading\" data-id=\"773fff2\" data-element_type=\"widget\" data-e-type=\"widget\" data-widget_type=\"heading.default\">\n\t\t\t\t<div class=\"elementor-widget-container\">\n\t\t\t\t\t<h2 class=\"elementor-heading-title elementor-size-default\">Centrifugants<\/h2>\t\t\t\t<\/div>\n\t\t\t\t<\/div>\n\t\t\t\t<div class=\"elementor-element elementor-element-00d0c1a elementor-widget-divider--view-line elementor-widget elementor-widget-divider\" data-id=\"00d0c1a\" data-element_type=\"widget\" data-e-type=\"widget\" data-widget_type=\"divider.default\">\n\t\t\t\t<div class=\"elementor-widget-container\">\n\t\t\t\t\t\t\t<div class=\"elementor-divider\">\n\t\t\t<span class=\"elementor-divider-separator\">\n\t\t\t\t\t\t<\/span>\n\t\t<\/div>\n\t\t\t\t\t\t<\/div>\n\t\t\t\t<\/div>\n\t\t<div class=\"elementor-element elementor-element-f3dbbb0 e-con-full e-flex e-con e-child\" data-id=\"f3dbbb0\" data-element_type=\"container\" data-e-type=\"container\">\n\t\t<div class=\"elementor-element elementor-element-ca54b07 e-con-full e-flex e-con e-child\" data-id=\"ca54b07\" data-element_type=\"container\" data-e-type=\"container\">\n\t\t\t\t<div class=\"elementor-element elementor-element-e1918cd elementor-widget elementor-widget-image\" data-id=\"e1918cd\" data-element_type=\"widget\" data-e-type=\"widget\" data-widget_type=\"image.default\">\n\t\t\t\t<div class=\"elementor-widget-container\">\n\t\t\t\t\t\t\t\t\t\t\t\t\t\t\t\t<a href=\"https:\/\/www.msgroupitaly.com\/en\/model-wm\/\">\n\t\t\t\t\t\t\t<img fetchpriority=\"high\" decoding=\"async\" width=\"800\" height=\"999\" src=\"https:\/\/www.msgroupitaly.com\/wp-content\/uploads\/2021\/11\/wm1b.jpg\" class=\"attachment-large size-large wp-image-5438\" alt=\"\" srcset=\"https:\/\/www.msgroupitaly.com\/wp-content\/uploads\/2021\/11\/wm1b.jpg 800w, https:\/\/www.msgroupitaly.com\/wp-content\/uploads\/2021\/11\/wm1b-240x300.jpg 240w, https:\/\/www.msgroupitaly.com\/wp-content\/uploads\/2021\/11\/wm1b-768x959.jpg 768w, https:\/\/www.msgroupitaly.com\/wp-content\/uploads\/2021\/11\/wm1b-10x12.jpg 10w\" sizes=\"(max-width: 800px) 100vw, 800px\" \/>\t\t\t\t\t\t\t\t<\/a>\n\t\t\t\t\t\t\t\t\t\t\t\t\t\t\t<\/div>\n\t\t\t\t<\/div>\n\t\t\t\t<div class=\"elementor-element elementor-element-7f4c9b3 oew-info-box-left elementor-widget elementor-widget-oew-info-box\" data-id=\"7f4c9b3\" data-element_type=\"widget\" data-e-type=\"widget\" data-settings=\"{&quot;position&quot;:&quot;left&quot;}\" data-widget_type=\"oew-info-box.default\">\n\t\t\t\t<div class=\"elementor-widget-container\">\n\t\t\t\t\t\n\t\t<div class=\"oew-info-box-wrap\">\n\t\t\t<div class=\"oew-info-box\">\n\n\t\t\t\t\n\t\t\t\t<div class=\"oew-info-box-content\">\n\t\t\t\t\t\t\t\t\t\t\t<h3 class=\"oew-info-box-title\">\n\t\t\t\t\t\t\tSERIE WM\t\t\t\t\t\t<\/h3>\n\t\t\t\t\t\t\n\t\t\t\t\t\n\t\t\t\t\t\t\t\t\t\t\t<div class=\"oew-info-box-description\">\n\t\t\t\t\t\t\tTradition and innovation make WM washing machines the perfect synthesis between solidity and versatility. Reduced maintenance, power at the bass revolutions, excellent centrifuge capacity, make the WM series ideal for modern professional, industrial and self Service laundries.\t\t\t\t\t\t<\/div>\n\t\t\t\t\t\t\n\t\t\t\t\t\t\t\t\t<\/div>\n\n\t\t\t<\/div>\n\t\t<\/div>\n\n\t\t\t\t\t\t<\/div>\n\t\t\t\t<\/div>\n\t\t\t\t<\/div>\n\t\t<div class=\"elementor-element elementor-element-ce0e6ca e-con-full e-flex e-con e-child\" data-id=\"ce0e6ca\" data-element_type=\"container\" data-e-type=\"container\">\n\t\t\t\t<\/div>\n\t\t<div class=\"elementor-element elementor-element-f3d93fb e-con-full e-flex e-con e-child\" data-id=\"f3d93fb\" data-element_type=\"container\" data-e-type=\"container\">\n\t\t\t\t<\/div>\n\t\t<div class=\"elementor-element elementor-element-bdf0838 e-con-full e-flex e-con e-child\" data-id=\"bdf0838\" data-element_type=\"container\" data-e-type=\"container\">\n\t\t\t\t<\/div>\n\t\t\t\t<\/div>\n\t\t<div class=\"elementor-element elementor-element-14c387f e-con-full e-flex e-con e-child\" data-id=\"14c387f\" data-element_type=\"container\" data-e-type=\"container\">\n\t\t<div class=\"elementor-element elementor-element-07e5895 e-con-full e-flex e-con e-child\" data-id=\"07e5895\" data-element_type=\"container\" data-e-type=\"container\">\n\t\t\t\t<div class=\"elementor-element elementor-element-7e2a8dc elementor-widget elementor-widget-heading\" data-id=\"7e2a8dc\" data-element_type=\"widget\" data-e-type=\"widget\" data-widget_type=\"heading.default\">\n\t\t\t\t<div class=\"elementor-widget-container\">\n\t\t\t\t\t<h2 class=\"elementor-heading-title elementor-size-default\">Super-Centrifugants<\/h2>\t\t\t\t<\/div>\n\t\t\t\t<\/div>\n\t\t\t\t<\/div>\n\t\t\t\t<\/div>\n\t\t\t\t<div class=\"elementor-element elementor-element-9e50497 elementor-widget-divider--view-line elementor-widget elementor-widget-divider\" data-id=\"9e50497\" data-element_type=\"widget\" data-e-type=\"widget\" data-widget_type=\"divider.default\">\n\t\t\t\t<div class=\"elementor-widget-container\">\n\t\t\t\t\t\t\t<div class=\"elementor-divider\">\n\t\t\t<span class=\"elementor-divider-separator\">\n\t\t\t\t\t\t<\/span>\n\t\t<\/div>\n\t\t\t\t\t\t<\/div>\n\t\t\t\t<\/div>\n\t\t<div class=\"elementor-element elementor-element-0bb3b1d e-con-full e-flex e-con e-child\" data-id=\"0bb3b1d\" data-element_type=\"container\" data-e-type=\"container\">\n\t\t<div class=\"elementor-element elementor-element-d314728 e-con-full e-flex e-con e-child\" data-id=\"d314728\" data-element_type=\"container\" data-e-type=\"container\">\n\t\t\t\t<div class=\"elementor-element elementor-element-1e6c3d5 elementor-widget elementor-widget-image\" data-id=\"1e6c3d5\" data-element_type=\"widget\" data-e-type=\"widget\" data-widget_type=\"image.default\">\n\t\t\t\t<div class=\"elementor-widget-container\">\n\t\t\t\t\t\t\t\t\t\t\t\t\t\t\t\t<a href=\"https:\/\/www.msgroupitaly.com\/en\/model-hs\/\">\n\t\t\t\t\t\t\t<img decoding=\"async\" width=\"800\" height=\"999\" src=\"https:\/\/www.msgroupitaly.com\/wp-content\/uploads\/2022\/05\/hsp1.jpg\" class=\"attachment-large size-large wp-image-7391\" alt=\"\" srcset=\"https:\/\/www.msgroupitaly.com\/wp-content\/uploads\/2022\/05\/hsp1.jpg 800w, https:\/\/www.msgroupitaly.com\/wp-content\/uploads\/2022\/05\/hsp1-240x300.jpg 240w, https:\/\/www.msgroupitaly.com\/wp-content\/uploads\/2022\/05\/hsp1-768x959.jpg 768w, https:\/\/www.msgroupitaly.com\/wp-content\/uploads\/2022\/05\/hsp1-10x12.jpg 10w\" sizes=\"(max-width: 800px) 100vw, 800px\" \/>\t\t\t\t\t\t\t\t<\/a>\n\t\t\t\t\t\t\t\t\t\t\t\t\t\t\t<\/div>\n\t\t\t\t<\/div>\n\t\t\t\t<div class=\"elementor-element elementor-element-e3cf14b oew-info-box-left elementor-widget elementor-widget-oew-info-box\" data-id=\"e3cf14b\" data-element_type=\"widget\" data-e-type=\"widget\" data-settings=\"{&quot;position&quot;:&quot;left&quot;}\" data-widget_type=\"oew-info-box.default\">\n\t\t\t\t<div class=\"elementor-widget-container\">\n\t\t\t\t\t\n\t\t<div class=\"oew-info-box-wrap\">\n\t\t\t<div class=\"oew-info-box\">\n\n\t\t\t\t\n\t\t\t\t<div class=\"oew-info-box-content\">\n\t\t\t\t\t\t\t\t\t\t\t<h3 class=\"oew-info-box-title\">\n\t\t\t\t\t\t\tSERIE HS\t\t\t\t\t\t<\/h3>\n\t\t\t\t\t\t\n\t\t\t\t\t\n\t\t\t\t\t\t\t\t\t\t\t<div class=\"oew-info-box-description\">\n\t\t\t\t\t\t\tQuality and technological innovation make new HS series high speed washing machines the perfect synthesis between versatility, reliability, robustness and ease of use.<br \/>\nBorn to meet the needs of flexibility and dynamism of modern professional, industrial and self-service laundries, all washing machines are equipped ...\t\t\t\t\t\t<\/div>\n\t\t\t\t\t\t\n\t\t\t\t\t\t\t\t\t<\/div>\n\n\t\t\t<\/div>\n\t\t<\/div>\n\n\t\t\t\t\t\t<\/div>\n\t\t\t\t<\/div>\n\t\t\t\t<\/div>\n\t\t<div class=\"elementor-element elementor-element-f4670e1 e-con-full e-flex e-con e-child\" data-id=\"f4670e1\" data-element_type=\"container\" data-e-type=\"container\">\n\t\t\t\t<\/div>\n\t\t<div class=\"elementor-element elementor-element-f82670d e-con-full e-flex e-con e-child\" data-id=\"f82670d\" data-element_type=\"container\" data-e-type=\"container\">\n\t\t\t\t<\/div>\n\t\t<div class=\"elementor-element elementor-element-ccb55a5 e-con-full e-flex e-con e-child\" data-id=\"ccb55a5\" data-element_type=\"container\" data-e-type=\"container\">\n\t\t\t\t<\/div>\n\t\t\t\t<\/div>\n\t\t\t\t<\/div>\n\t\t\t\t\t<\/div>\n\t\t\t\t<\/div>\n\t\t<div class=\"elementor-element elementor-element-79bad68 e-flex e-con-boxed e-con e-parent\" data-id=\"79bad68\" data-element_type=\"container\" data-e-type=\"container\">\n\t\t\t\t\t<div class=\"e-con-inner\">\n\t\t\t\t<div class=\"elementor-element elementor-element-1b9417d elementor-widget elementor-widget-spacer\" data-id=\"1b9417d\" data-element_type=\"widget\" data-e-type=\"widget\" data-widget_type=\"spacer.default\">\n\t\t\t\t<div class=\"elementor-widget-container\">\n\t\t\t\t\t\t\t<div class=\"elementor-spacer\">\n\t\t\t<div class=\"elementor-spacer-inner\"><\/div>\n\t\t<\/div>\n\t\t\t\t\t\t<\/div>\n\t\t\t\t<\/div>\n\t\t\t\t\t<\/div>\n\t\t\t\t<\/div>\n\t\t\t\t<\/div>","protected":false},"excerpt":{"rendered":"<p>lavatrici Da oltre 30 anni MS GROUP SRL costruisce con passione e competenza macchine industriali per il lavaggio, l\u2019asciugatura ed il trattamento della biancheria e dei tessuti. Questo, unito alla capacit\u00e0 di ascoltare e interpretare i bisogni dei nostri clienti, ci permette di realizzare progetti altamente personalizzati. Tradizione ed innovazione fanno delle lavatrici WM la [&hellip;]<\/p>\n","protected":false},"author":1,"featured_media":0,"parent":0,"menu_order":0,"comment_status":"closed","ping_status":"closed","template":"elementor_header_footer","meta":{"ocean_post_layout":"","ocean_both_sidebars_style":"","ocean_both_sidebars_content_width":0,"ocean_both_sidebars_sidebars_width":0,"ocean_sidebar":"0","ocean_second_sidebar":"0","ocean_disable_margins":"enable","ocean_add_body_class":"","ocean_shortcode_before_top_bar":"","ocean_shortcode_after_top_bar":"","ocean_shortcode_before_header":"","ocean_shortcode_after_header":"","ocean_has_shortcode":"","ocean_shortcode_after_title":"","ocean_shortcode_before_footer_widgets":"","ocean_shortcode_after_footer_widgets":"","ocean_shortcode_before_footer_bottom":"","ocean_shortcode_after_footer_bottom":"","ocean_display_top_bar":"default","ocean_display_header":"default","ocean_header_style":"","ocean_center_header_left_menu":"0","ocean_custom_header_template":"0","ocean_custom_logo":0,"ocean_custom_retina_logo":0,"ocean_custom_logo_max_width":0,"ocean_custom_logo_tablet_max_width":0,"ocean_custom_logo_mobile_max_width":0,"ocean_custom_logo_max_height":0,"ocean_custom_logo_tablet_max_height":0,"ocean_custom_logo_mobile_max_height":0,"ocean_header_custom_menu":"0","ocean_menu_typo_font_family":"0","ocean_menu_typo_font_subset":"","ocean_menu_typo_font_size":0,"ocean_menu_typo_font_size_tablet":0,"ocean_menu_typo_font_size_mobile":0,"ocean_menu_typo_font_size_unit":"px","ocean_menu_typo_font_weight":"","ocean_menu_typo_font_weight_tablet":"","ocean_menu_typo_font_weight_mobile":"","ocean_menu_typo_transform":"","ocean_menu_typo_transform_tablet":"","ocean_menu_typo_transform_mobile":"","ocean_menu_typo_line_height":0,"ocean_menu_typo_line_height_tablet":0,"ocean_menu_typo_line_height_mobile":0,"ocean_menu_typo_line_height_unit":"","ocean_menu_typo_spacing":0,"ocean_menu_typo_spacing_tablet":0,"ocean_menu_typo_spacing_mobile":0,"ocean_menu_typo_spacing_unit":"","ocean_menu_link_color":"","ocean_menu_link_color_hover":"","ocean_menu_link_color_active":"","ocean_menu_link_background":"","ocean_menu_link_hover_background":"","ocean_menu_link_active_background":"","ocean_menu_social_links_bg":"","ocean_menu_social_hover_links_bg":"","ocean_menu_social_links_color":"","ocean_menu_social_hover_links_color":"","ocean_disable_title":"default","ocean_disable_heading":"default","ocean_post_title":"","ocean_post_subheading":"","ocean_post_title_style":"","ocean_post_title_background_color":"","ocean_post_title_background":0,"ocean_post_title_bg_image_position":"","ocean_post_title_bg_image_attachment":"","ocean_post_title_bg_image_repeat":"","ocean_post_title_bg_image_size":"","ocean_post_title_height":0,"ocean_post_title_bg_overlay":0.5,"ocean_post_title_bg_overlay_color":"","ocean_disable_breadcrumbs":"default","ocean_breadcrumbs_color":"","ocean_breadcrumbs_separator_color":"","ocean_breadcrumbs_links_color":"","ocean_breadcrumbs_links_hover_color":"","ocean_display_footer_widgets":"default","ocean_display_footer_bottom":"default","ocean_custom_footer_template":"0","osh_disable_topbar_sticky":"default","osh_disable_header_sticky":"default","osh_sticky_header_style":"default","osh_sticky_header_effect":"","osh_custom_sticky_logo":0,"osh_custom_retina_sticky_logo":0,"osh_custom_sticky_logo_height":0,"osh_background_color":"","osh_links_color":"","osh_links_hover_color":"","osh_links_active_color":"","osh_links_bg_color":"","osh_links_hover_bg_color":"","osh_links_active_bg_color":"","osh_menu_social_links_color":"","osh_menu_social_hover_links_color":"","footnotes":""},"class_list":["post-853","page","type-page","status-publish","hentry","entry"],"yoast_head":"<!-- This site is optimized with the Yoast SEO plugin v27.3 - https:\/\/yoast.com\/product\/yoast-seo-wordpress\/ -->\n<title>Macchine industriali per lavaggio - MS GROUP<\/title>\n<meta name=\"description\" content=\"Tradizione ed innovazione fanno delle lavatrici WM la perfetta sintesi fra solidit\u00e0 e versatilit\u00e0. Ridotta manutenzione.\" \/>\n<meta name=\"robots\" content=\"index, follow, max-snippet:-1, max-image-preview:large, max-video-preview:-1\" \/>\n<link rel=\"canonical\" href=\"https:\/\/www.msgroupitaly.com\/en\/washers\/\" \/>\n<meta property=\"og:locale\" content=\"en_GB\" \/>\n<meta property=\"og:type\" content=\"article\" \/>\n<meta property=\"og:title\" content=\"Lavatrici WM\" \/>\n<meta property=\"og:description\" content=\"Tradizione ed innovazione fanno delle lavatrici WM la perfetta sintesi fra solidit\u00e0 e versatilit\u00e0. Ridotta manutenzione.\" \/>\n<meta property=\"og:url\" content=\"https:\/\/www.msgroupitaly.com\/en\/washers\/\" \/>\n<meta property=\"og:site_name\" content=\"MS GROUP\" \/>\n<meta property=\"article:modified_time\" content=\"2023-11-16T07:01:55+00:00\" \/>\n<meta property=\"og:image\" content=\"https:\/\/www.msgroupitaly.com\/wp-content\/uploads\/2022\/05\/sld-1-i-ri-23mob.jpg\" \/>\n\t<meta property=\"og:image:width\" content=\"600\" \/>\n\t<meta property=\"og:image:height\" content=\"340\" \/>\n\t<meta property=\"og:image:type\" content=\"image\/jpeg\" \/>\n<meta name=\"twitter:card\" content=\"summary_large_image\" \/>\n<meta name=\"twitter:label1\" content=\"Estimated reading time\" \/>\n\t<meta name=\"twitter:data1\" content=\"2 minutes\" \/>\n<script type=\"application\/ld+json\" class=\"yoast-schema-graph\">{\"@context\":\"https:\\\/\\\/schema.org\",\"@graph\":[{\"@type\":\"WebPage\",\"@id\":\"https:\\\/\\\/www.msgroupitaly.com\\\/washers\",\"url\":\"https:\\\/\\\/www.msgroupitaly.com\\\/washers\",\"name\":\"Macchine industriali per lavaggio - MS GROUP\",\"isPartOf\":{\"@id\":\"https:\\\/\\\/www.msgroupitaly.com\\\/#website\"},\"primaryImageOfPage\":{\"@id\":\"https:\\\/\\\/www.msgroupitaly.com\\\/washers#primaryimage\"},\"image\":{\"@id\":\"https:\\\/\\\/www.msgroupitaly.com\\\/washers#primaryimage\"},\"thumbnailUrl\":\"https:\\\/\\\/www.msgroupitaly.com\\\/wp-content\\\/uploads\\\/2021\\\/11\\\/wm1b.jpg\",\"datePublished\":\"2021-03-08T11:06:19+00:00\",\"dateModified\":\"2023-11-16T07:01:55+00:00\",\"description\":\"Tradizione ed innovazione fanno delle lavatrici WM la perfetta sintesi fra solidit\u00e0 e versatilit\u00e0. Ridotta manutenzione.\",\"breadcrumb\":{\"@id\":\"https:\\\/\\\/www.msgroupitaly.com\\\/washers#breadcrumb\"},\"inLanguage\":\"en-GB\",\"potentialAction\":[{\"@type\":\"ReadAction\",\"target\":[\"https:\\\/\\\/www.msgroupitaly.com\\\/washers\"]}]},{\"@type\":\"ImageObject\",\"inLanguage\":\"en-GB\",\"@id\":\"https:\\\/\\\/www.msgroupitaly.com\\\/washers#primaryimage\",\"url\":\"https:\\\/\\\/www.msgroupitaly.com\\\/wp-content\\\/uploads\\\/2021\\\/11\\\/wm1b.jpg\",\"contentUrl\":\"https:\\\/\\\/www.msgroupitaly.com\\\/wp-content\\\/uploads\\\/2021\\\/11\\\/wm1b.jpg\"},{\"@type\":\"BreadcrumbList\",\"@id\":\"https:\\\/\\\/www.msgroupitaly.com\\\/washers#breadcrumb\",\"itemListElement\":[{\"@type\":\"ListItem\",\"position\":1,\"name\":\"Home\",\"item\":\"https:\\\/\\\/www.msgroupitaly.com\\\/\"},{\"@type\":\"ListItem\",\"position\":2,\"name\":\"LAVATRICI\"}]},{\"@type\":\"WebSite\",\"@id\":\"https:\\\/\\\/www.msgroupitaly.com\\\/#website\",\"url\":\"https:\\\/\\\/www.msgroupitaly.com\\\/\",\"name\":\"MS GROUP\",\"description\":\"\",\"publisher\":{\"@id\":\"https:\\\/\\\/www.msgroupitaly.com\\\/#organization\"},\"potentialAction\":[{\"@type\":\"SearchAction\",\"target\":{\"@type\":\"EntryPoint\",\"urlTemplate\":\"https:\\\/\\\/www.msgroupitaly.com\\\/?s={search_term_string}\"},\"query-input\":{\"@type\":\"PropertyValueSpecification\",\"valueRequired\":true,\"valueName\":\"search_term_string\"}}],\"inLanguage\":\"en-GB\"},{\"@type\":\"Organization\",\"@id\":\"https:\\\/\\\/www.msgroupitaly.com\\\/#organization\",\"name\":\"MS Group\",\"url\":\"https:\\\/\\\/www.msgroupitaly.com\\\/\",\"logo\":{\"@type\":\"ImageObject\",\"inLanguage\":\"en-GB\",\"@id\":\"https:\\\/\\\/www.msgroupitaly.com\\\/#\\\/schema\\\/logo\\\/image\\\/\",\"url\":\"https:\\\/\\\/www.msgroupitaly.com\\\/wp-content\\\/uploads\\\/2021\\\/11\\\/LOGO-FINAL-1B.png\",\"contentUrl\":\"https:\\\/\\\/www.msgroupitaly.com\\\/wp-content\\\/uploads\\\/2021\\\/11\\\/LOGO-FINAL-1B.png\",\"width\":724,\"height\":215,\"caption\":\"MS Group\"},\"image\":{\"@id\":\"https:\\\/\\\/www.msgroupitaly.com\\\/#\\\/schema\\\/logo\\\/image\\\/\"}}]}<\/script>\n<!-- \/ Yoast SEO plugin. -->","yoast_head_json":{"title":"Macchine industriali per lavaggio - MS GROUP","description":"Tradizione ed innovazione fanno delle lavatrici WM la perfetta sintesi fra solidit\u00e0 e versatilit\u00e0. Ridotta manutenzione.","robots":{"index":"index","follow":"follow","max-snippet":"max-snippet:-1","max-image-preview":"max-image-preview:large","max-video-preview":"max-video-preview:-1"},"canonical":"https:\/\/www.msgroupitaly.com\/en\/washers\/","og_locale":"en_GB","og_type":"article","og_title":"Lavatrici WM","og_description":"Tradizione ed innovazione fanno delle lavatrici WM la perfetta sintesi fra solidit\u00e0 e versatilit\u00e0. Ridotta manutenzione.","og_url":"https:\/\/www.msgroupitaly.com\/en\/washers\/","og_site_name":"MS GROUP","article_modified_time":"2023-11-16T07:01:55+00:00","og_image":[{"width":600,"height":340,"url":"https:\/\/www.msgroupitaly.com\/wp-content\/uploads\/2022\/05\/sld-1-i-ri-23mob.jpg","type":"image\/jpeg"}],"twitter_card":"summary_large_image","twitter_misc":{"Estimated reading time":"2 minutes"},"schema":{"@context":"https:\/\/schema.org","@graph":[{"@type":"WebPage","@id":"https:\/\/www.msgroupitaly.com\/washers","url":"https:\/\/www.msgroupitaly.com\/washers","name":"Macchine industriali per lavaggio - MS GROUP","isPartOf":{"@id":"https:\/\/www.msgroupitaly.com\/#website"},"primaryImageOfPage":{"@id":"https:\/\/www.msgroupitaly.com\/washers#primaryimage"},"image":{"@id":"https:\/\/www.msgroupitaly.com\/washers#primaryimage"},"thumbnailUrl":"https:\/\/www.msgroupitaly.com\/wp-content\/uploads\/2021\/11\/wm1b.jpg","datePublished":"2021-03-08T11:06:19+00:00","dateModified":"2023-11-16T07:01:55+00:00","description":"Tradizione ed innovazione fanno delle lavatrici WM la perfetta sintesi fra solidit\u00e0 e versatilit\u00e0. Ridotta manutenzione.","breadcrumb":{"@id":"https:\/\/www.msgroupitaly.com\/washers#breadcrumb"},"inLanguage":"en-GB","potentialAction":[{"@type":"ReadAction","target":["https:\/\/www.msgroupitaly.com\/washers"]}]},{"@type":"ImageObject","inLanguage":"en-GB","@id":"https:\/\/www.msgroupitaly.com\/washers#primaryimage","url":"https:\/\/www.msgroupitaly.com\/wp-content\/uploads\/2021\/11\/wm1b.jpg","contentUrl":"https:\/\/www.msgroupitaly.com\/wp-content\/uploads\/2021\/11\/wm1b.jpg"},{"@type":"BreadcrumbList","@id":"https:\/\/www.msgroupitaly.com\/washers#breadcrumb","itemListElement":[{"@type":"ListItem","position":1,"name":"Home","item":"https:\/\/www.msgroupitaly.com\/"},{"@type":"ListItem","position":2,"name":"LAVATRICI"}]},{"@type":"WebSite","@id":"https:\/\/www.msgroupitaly.com\/#website","url":"https:\/\/www.msgroupitaly.com\/","name":"MS GROUP","description":"","publisher":{"@id":"https:\/\/www.msgroupitaly.com\/#organization"},"potentialAction":[{"@type":"SearchAction","target":{"@type":"EntryPoint","urlTemplate":"https:\/\/www.msgroupitaly.com\/?s={search_term_string}"},"query-input":{"@type":"PropertyValueSpecification","valueRequired":true,"valueName":"search_term_string"}}],"inLanguage":"en-GB"},{"@type":"Organization","@id":"https:\/\/www.msgroupitaly.com\/#organization","name":"MS Group","url":"https:\/\/www.msgroupitaly.com\/","logo":{"@type":"ImageObject","inLanguage":"en-GB","@id":"https:\/\/www.msgroupitaly.com\/#\/schema\/logo\/image\/","url":"https:\/\/www.msgroupitaly.com\/wp-content\/uploads\/2021\/11\/LOGO-FINAL-1B.png","contentUrl":"https:\/\/www.msgroupitaly.com\/wp-content\/uploads\/2021\/11\/LOGO-FINAL-1B.png","width":724,"height":215,"caption":"MS Group"},"image":{"@id":"https:\/\/www.msgroupitaly.com\/#\/schema\/logo\/image\/"}}]}},"_links":{"self":[{"href":"https:\/\/www.msgroupitaly.com\/en\/wp-json\/wp\/v2\/pages\/853","targetHints":{"allow":["GET"]}}],"collection":[{"href":"https:\/\/www.msgroupitaly.com\/en\/wp-json\/wp\/v2\/pages"}],"about":[{"href":"https:\/\/www.msgroupitaly.com\/en\/wp-json\/wp\/v2\/types\/page"}],"author":[{"embeddable":true,"href":"https:\/\/www.msgroupitaly.com\/en\/wp-json\/wp\/v2\/users\/1"}],"replies":[{"embeddable":true,"href":"https:\/\/www.msgroupitaly.com\/en\/wp-json\/wp\/v2\/comments?post=853"}],"version-history":[{"count":8,"href":"https:\/\/www.msgroupitaly.com\/en\/wp-json\/wp\/v2\/pages\/853\/revisions"}],"predecessor-version":[{"id":9322,"href":"https:\/\/www.msgroupitaly.com\/en\/wp-json\/wp\/v2\/pages\/853\/revisions\/9322"}],"wp:attachment":[{"href":"https:\/\/www.msgroupitaly.com\/en\/wp-json\/wp\/v2\/media?parent=853"}],"curies":[{"name":"wp","href":"https:\/\/api.w.org\/{rel}","templated":true}]}}